{"id":2,"date":"2023-03-25T08:29:01","date_gmt":"2023-03-25T08:29:01","guid":{"rendered":"http:\/\/romedinf.srimed.ro\/2023\/?page_id=2"},"modified":"2023-09-27T19:40:35","modified_gmt":"2023-09-27T19:40:35","slug":"sample-page","status":"publish","type":"page","link":"https:\/\/romedinf.srimed.ro\/2023\/","title":{"rendered":"Home Page"},"content":{"rendered":"\n\t<div id=\"text-4018702061\" class=\"text\">\n\t\t\n\n<h2 style=\"text-align: center;\"><span class=\"C9DxTc \">37<\/span><span class=\"C9DxTc \">th<\/span><span class=\"C9DxTc \"> RoMedINF Conference<\/span><\/h2>\n<h2 class=\"thin-font\" style=\"text-align: center;\"><strong>14 &#8211; 15 September 2023<\/strong><\/h2>\n\t\t\n<style>\n#text-4018702061 {\n  text-align: center;\n  color: #2a364b;\n}\n#text-4018702061 > * {\n  color: #2a364b;\n}\n<\/style>\n\t<\/div>\n\t\n\t<div id=\"gap-1698697434\" class=\"gap-element clearfix\" style=\"display:block; height:auto;\">\n\t\t\n<style>\n#gap-1698697434 {\n  padding-top: 30px;\n}\n<\/style>\n\t<\/div>\n\t\n\n\t<div id=\"text-3571169020\" class=\"text\">\n\t\t\n\n<h1 class=\"zfr3Q CDt4Ke \" dir=\"ltr\" style=\"text-align: center;\" data-animate-delay=\"200\" data-opacity=\"0.8\"><strong><span class=\"Rn3Z1b C9DxTc \">Healthcare Green Digital Ecosystems: <\/span><\/strong><strong><span class=\"Rn3Z1b C9DxTc \">From Data Analysis to Digital Twin<\/span><span class=\"Rn3Z1b C9DxTc \">&nbsp;<\/span><\/strong><\/h1>\n<p><!--more--><\/p>\n<h2 class=\"thin-font\" style=\"text-align: center;\"><strong>HYBRID: Timi\u0219oara (Romania) &amp; Online <\/strong><\/h2>\n\t\t\n<style>\n#text-3571169020 {\n  text-align: center;\n  color: #2a364b;\n}\n#text-3571169020 > * {\n  color: #2a364b;\n}\n<\/style>\n\t<\/div>\n\t\n\t<div id=\"gap-1341286096\" class=\"gap-element clearfix\" style=\"display:block; height:auto;\">\n\t\t\n<style>\n#gap-1341286096 {\n  padding-top: 30px;\n}\n<\/style>\n\t<\/div>\n\t\n\n<div class=\"slider-wrapper relative\" id=\"slider-1203359478\" >\n    <div class=\"slider slider-nav-circle slider-nav-large slider-nav-light slider-style-normal\"\n        data-flickity-options='{\n            \"cellAlign\": \"center\",\n            \"imagesLoaded\": true,\n            \"lazyLoad\": 1,\n            \"freeScroll\": false,\n            \"wrapAround\": true,\n            \"autoPlay\": 6000,\n            \"pauseAutoPlayOnHover\" : true,\n            \"prevNextButtons\": true,\n            \"contain\" : true,\n            \"adaptiveHeight\" : true,\n            \"dragThreshold\" : 10,\n            \"percentPosition\": true,\n            \"pageDots\": true,\n            \"rightToLeft\": false,\n            \"draggable\": true,\n            \"selectedAttraction\": 0.1,\n            \"parallax\" : 0,\n            \"friction\": 0.6        }'\n        >\n        \n\n\n  <div class=\"banner has-hover\" id=\"banner-303989980\">\n          <div class=\"banner-inner fill\">\n        <div class=\"banner-bg fill\" >\n            <div class=\"bg fill bg-fill \"><\/div>\n                        <div class=\"overlay\"><\/div>            \n                    <\/div>\n\t\t\n        <div class=\"banner-layers container\">\n            <div class=\"fill banner-link\"><\/div>            \n\n   <div id=\"text-box-412280335\" class=\"text-box banner-layer x90 md-x90 lg-x90 y50 md-y50 lg-y50 res-text\">\n                                <div class=\"text-box-content text dark\">\n              \n              <div class=\"text-inner text-center\">\n                  \n\n\t<div id=\"text-1908395015\" class=\"text\">\n\t\t\n\n\n\t\t\n<style>\n#text-1908395015 {\n  color: rgb(10, 20, 82);\n}\n#text-1908395015 > * {\n  color: rgb(10, 20, 82);\n}\n<\/style>\n\t<\/div>\n\t\n\t<div id=\"text-4249785812\" class=\"text\">\n\t\t\n\n<h3>Abstract submission and on-site registration are closed<\/h3>\n<p class=\"uppercase\">secure your spot as an online participant!<\/p>\n\t\t\n<style>\n#text-4249785812 {\n  color: rgb(255,255,255);\n}\n#text-4249785812 > * {\n  color: rgb(255,255,255);\n}\n<\/style>\n\t<\/div>\n\t\n<a href=\"https:\/\/romedinf.srimed.ro\/2023\/registration\/\" target=\"_self\" class=\"button white is-outline\"  >\n    <span>Registration<\/span>\n  <\/a>\n\n\n\n              <\/div>\n           <\/div>\n                            \n<style>\n#text-box-412280335 {\n  width: 60%;\n}\n#text-box-412280335 .text-box-content {\n  font-size: 100%;\n}\n@media (min-width:550px) {\n  #text-box-412280335 {\n    width: 40%;\n  }\n}\n<\/style>\n    <\/div>\n \n\n        <\/div>\n      <\/div>\n\n            \n<style>\n#banner-303989980 {\n  padding-top: 500px;\n}\n#banner-303989980 .bg.bg-loaded {\n  background-image: url(https:\/\/romedinf.srimed.ro\/2023\/wp-content\/uploads\/2023\/04\/medical-banner-with-doctor-holding-tablet-1024x683.jpg);\n}\n#banner-303989980 .overlay {\n  background-color: rgba(0, 0, 0, 0.31);\n}\n<\/style>\n  <\/div>\n\n\n\n  <div class=\"banner has-hover\" id=\"banner-1006768642\">\n          <div class=\"banner-inner fill\">\n        <div class=\"banner-bg fill\" >\n            <div class=\"bg fill bg-fill \"><\/div>\n                        <div class=\"overlay\"><\/div>            \n                    <\/div>\n\t\t\n        <div class=\"banner-layers container\">\n            <div class=\"fill banner-link\"><\/div>            \n\n   <div id=\"text-box-608621045\" class=\"text-box banner-layer text-box-circle x90 md-x90 lg-x90 y50 md-y50 lg-y50 res-text\">\n                                <div class=\"text-box-content text box-shadow-3 dark\">\n              \n              <div class=\"text-inner text-center\">\n                  \n\n<h2 class=\"uppercase\"><strong>Special awards<br \/><\/strong><\/h2>\n<h3>Abstract<\/h3>\n<p>The most outstanding contributions will be selected by the RoMedINF 2023 Awards Committee based on the overall referees\u2019 score.<\/p>\n<a href=\"https:\/\/romedinf.srimed.ro\/2023\/awards\/\" target=\"_self\" class=\"button white is-outline\"  >\n    <span>See more<\/span>\n  <\/a>\n\n\n\n              <\/div>\n           <\/div>\n                            \n<style>\n#text-box-608621045 .text-box-content {\n  background-color: rgb(42, 54, 75);\n  font-size: 100%;\n}\n#text-box-608621045 .text-inner {\n  padding: 30px 30px 30px 30px;\n}\n#text-box-608621045 {\n  width: 60%;\n}\n@media (min-width:550px) {\n  #text-box-608621045 {\n    width: 40%;\n  }\n}\n<\/style>\n    <\/div>\n \n\n        <\/div>\n      <\/div>\n\n            \n<style>\n#banner-1006768642 {\n  padding-top: 500px;\n}\n#banner-1006768642 .bg.bg-loaded {\n  background-image: url(https:\/\/romedinf.srimed.ro\/2023\/wp-content\/uploads\/2023\/04\/medical-banner-with-doctor-working-laptop-1024x683.jpg);\n}\n#banner-1006768642 .overlay {\n  background-color: rgba(0, 0, 0, 0.2);\n}\n<\/style>\n  <\/div>\n\n\n\n     <\/div>\n\n     <div class=\"loading-spin dark large centered\"><\/div>\n\n\t<\/div>\n\n\n<div class=\"is-divider divider clearfix\" style=\"max-width:1060px;\"><\/div>\n\n\t<div id=\"text-3632407333\" class=\"text\">\n\t\t\n\n<p style=\"text-align: left;\">On behalf of the Organizing Committee, we extend a warm invitation for you to participate exclusively as an online attendee at the 37th RoMedINF Conference on Healthcare Green Digital Ecosystems: From Data Analysis to Digital Twin.<\/p>\n<h4 style=\"text-align: left;\">We regret to inform you that all on-site slots for this event have been fully booked.<\/h4>\n<div style=\"text-align: left;\">&nbsp;<\/div>\n<div style=\"text-align: left;\">We wholeheartedly encourage your active participation as an online attendee. This virtual format offers you a unique opportunity to immerse yourself in meaningful discussions and stay abreast of the cutting-edge developments in the realms of digital healthcare and medical informatics.<\/div>\n<div style=\"text-align: left;\">&nbsp;<\/div>\n<h4 style=\"text-align: left;\">To secure your spot as an online participant, kindly complete the following registration <a href=\"https:\/\/romedinf.srimed.ro\/2023\/registration\/\">form<\/a><\/h4>\n\t\t\n<style>\n#text-3632407333 {\n  color: #2a364b;\n}\n#text-3632407333 > * {\n  color: #2a364b;\n}\n<\/style>\n\t<\/div>\n\t\n<div class=\"mYVXT\">\n<div class=\"LS81yb VICjCf j5pSsc db35Fc\" tabindex=\"-1\">\n<div class=\"hJDwNd-AhqUyc-uQSCkd Ft7HRd-AhqUyc-uQSCkd purZT-AhqUyc-II5mzb ZcASvf-AhqUyc-II5mzb pSzOP-AhqUyc-qWD73c Ktthjf-AhqUyc-qWD73c JNdkSc SQVYQc\">\n<div class=\"JNdkSc-SmKAyb LkDMRd\">\n<div class=\"\">\n<div class=\"oKdM2c ZZyype Kzv0Me\">\n<div id=\"h.5cce2eabaf08d91e_47\" class=\"hJDwNd-AhqUyc-uQSCkd Ft7HRd-AhqUyc-uQSCkd jXK9ad D2fZ2 zu5uec OjCsFc dmUFtb wHaque g5GTcb\">\n<div class=\"jXK9ad-SmKAyb\">\n<div class=\"tyJCtd mGzaTb Depvyb baZpAe\">\n<p class=\"zfr3Q CDt4Ke \" dir=\"ltr\"><span class=\"C9DxTc \">Welcome message<\/span><\/p>\n<p class=\"zfr3Q CDt4Ke \" dir=\"ltr\"><span class=\"C9DxTc \">The Romanian Society of Medical Informatics (SRIM \u2013<\/span><a class=\"XqQF9c\" href=\"http:\/\/www.srimed.ro\/\" target=\"_blank\" rel=\"noopener\"> <span class=\"C9DxTc aw5Odc \">Societatea Rom\u00e2n\u0103 de Informatic\u0103 Medical\u0103<\/span><\/a><span class=\"C9DxTc \">), <a href=\"https:\/\/www.upt.ro\/Universitatea-Politehnica-Timisoara_en.html\">Politechnica University of Timi\u0219oara<\/a>, <a href=\"https:\/\/www.uvt.ro\/en\/\">West University of Timi\u0219oara<\/a>, and <a href=\"https:\/\/www.umft.ro\/en\/\">\u201cVictor Babe\u015f\u201d University of Medicine and Pharmacy<\/a> welcomes you to the 37<\/span><span class=\"C9DxTc \">th<\/span><span class=\"C9DxTc \"> RoMedINF Conference.<br \/><\/span><\/p>\n<p id=\"h.9k5jcvbajbml_l\" class=\"zfr3Q JYVBee CDt4Ke \" dir=\"ltr\"><span class=\"C9DxTc \">The RoMedINF 2023 goal is to connect health technology companies, researchers, practitioners and end users (including general population) across the globe.<\/span><\/p>\n<p dir=\"ltr\">We welcome contribution to the following topics, <em>but not limited to<\/em>: healthcare ecosystems; telemedicine, teleassiatance and telemonitoring; mHealth; eHealth; virtual reality; digital\/virtual twins; computational models; statistical modeling; artificial intelligence; virtual clinical trials; decision support systems; nursing health informatics; medical engineering; healthcare monitoring; algorithms evaluation;<em><strong>&nbsp;<\/strong><\/em>wearables; sensors; medical devices; data security; data sharing; ethics; medical informatics training; continuing education etc.<\/p>\n<\/div>\n<\/div>\n<\/div>\n<\/div>\n<\/div>\n<\/div>\n<\/div>\n<\/div>\n<\/div>\n<div class=\"is-divider divider clearfix\" style=\"max-width:1060px;\"><\/div>\n\n\t<div id=\"text-752003176\" class=\"text\">\n\t\t\n\n<h2 style=\"text-align: center;\">Time till the event<\/h2>\n\t\t\n<style>\n#text-752003176 {\n  color: #2a364b;\n}\n#text-752003176 > * {\n  color: #2a364b;\n}\n<\/style>\n\t<\/div>\n\t\n<div id=\"timer-1118151236\" class=\"ux-timer dark\" data-text-plural=\"s\" data-text-hour=\"hour\" data-text-day=\"day\" data-text-week=\"week\" data-text-min=\"min\" data-text-sec=\"sec\" data-text-hour-p=\"\" data-text-day-p=\"\" data-text-week-p=\"\" data-text-min-p=\"\" data-text-sec-p=\"\" data-countdown=\"2023\/09\/14 18:00\"><span>&nbsp;<div class=\"loading-spin dark centered\"><\/div><strong>&nbsp;<\/strong><\/span><\/div>\n<style>\n#timer-1118151236 {\n  font-size: 300%;\n}\n#timer-1118151236 span {\n  background-color: #2a364b;\n}\n<\/style>\n\n\n<div class=\"is-divider divider clearfix\" style=\"max-width:1024px;\"><\/div>\n\n<h2 style=\"text-align: center;\">Invited Speakers<\/h2>\n<div class=\"row\"  id=\"row-577560861\">\n\n\n\t<div id=\"col-602313906\" class=\"col medium-3 small-12 large-3\"  >\n\t\t\t\t<div class=\"col-inner\"  >\n\t\t\t\n\t\t\t\n\n    <div class=\"box has-hover has-hover box-text-bottom\" >\n\n                  <div class=\"box-image \" style=\"width:80%;\">\n           <div class=\"box-image-inner image-cover\" style=\"border-radius:100%;padding-top:100%;\">\n              <img loading=\"lazy\" decoding=\"async\" width=\"1843\" height=\"2560\" src=\"https:\/\/romedinf.srimed.ro\/2023\/wp-content\/uploads\/2023\/05\/2022-Alfred-Winter-scaled.jpg\" class=\"attachment- size-\" alt=\"\" srcset=\"https:\/\/romedinf.srimed.ro\/2023\/wp-content\/uploads\/2023\/05\/2022-Alfred-Winter-scaled.jpg 1843w, https:\/\/romedinf.srimed.ro\/2023\/wp-content\/uploads\/2023\/05\/2022-Alfred-Winter-216x300.jpg 216w, https:\/\/romedinf.srimed.ro\/2023\/wp-content\/uploads\/2023\/05\/2022-Alfred-Winter-737x1024.jpg 737w, https:\/\/romedinf.srimed.ro\/2023\/wp-content\/uploads\/2023\/05\/2022-Alfred-Winter-768x1067.jpg 768w, https:\/\/romedinf.srimed.ro\/2023\/wp-content\/uploads\/2023\/05\/2022-Alfred-Winter-1106x1536.jpg 1106w, https:\/\/romedinf.srimed.ro\/2023\/wp-content\/uploads\/2023\/05\/2022-Alfred-Winter-1475x2048.jpg 1475w\" sizes=\"auto, (max-width: 1843px) 100vw, 1843px\" \/>                         <\/div>\n          <\/div>\n         \n          <div class=\"box-text text-center\" >\n                <div class=\"box-text-inner\">\n                  <h4 class=\"uppercase\">\n                    <span class=\"person-name\">Professor PhD. Alfred Winter<\/span><br\/>\n                    <span class=\"person-title is-small thin-font op-7\">\n                                          <\/span>\n                  <\/h4>\n\t\t\t\t\t\n\n<a href=\"https:\/\/romedinf.srimed.ro\/2023\/2023\/09\/10\/alfred-winter\/\" target=\"_self\" class=\"button primary is-outline\"  style=\"border-radius:10px;\">\n    <span>Abstract<\/span>\n  <\/a>\n\n\n\n                <\/div>\n          <\/div>\n    <\/div>\n\n\t\n    \n    <div class=\"box has-hover has-hover box-text-bottom\" >\n\n                  <div class=\"box-image \" style=\"width:80%;\">\n           <div class=\"box-image-inner image-cover\" style=\"border-radius:100%;padding-top:100%;\">\n              <img loading=\"lazy\" decoding=\"async\" width=\"520\" height=\"515\" src=\"https:\/\/romedinf.srimed.ro\/2023\/wp-content\/uploads\/2023\/08\/Florin.jpg\" class=\"attachment- size-\" alt=\"\" srcset=\"https:\/\/romedinf.srimed.ro\/2023\/wp-content\/uploads\/2023\/08\/Florin.jpg 520w, https:\/\/romedinf.srimed.ro\/2023\/wp-content\/uploads\/2023\/08\/Florin-300x297.jpg 300w, https:\/\/romedinf.srimed.ro\/2023\/wp-content\/uploads\/2023\/08\/Florin-50x50.jpg 50w\" sizes=\"auto, (max-width: 520px) 100vw, 520px\" \/>                         <\/div>\n          <\/div>\n         \n          <div class=\"box-text text-center\" >\n                <div class=\"box-text-inner\">\n                  <h4 class=\"uppercase\">\n                    <span class=\"person-name\">Florin M\u0103n\u0103il\u0103<\/span><br\/>\n                    <span class=\"person-title is-small thin-font op-7\">\n                                          <\/span>\n                  <\/h4>\n\t\t\t\t\t\n\n<a href=\"https:\/\/romedinf.srimed.ro\/2023\/2023\/08\/16\/florin-manaila\/\" target=\"_self\" class=\"button primary is-outline\"  style=\"border-radius:10px;\">\n    <span>Abstract<\/span>\n  <\/a>\n\n\n\n                <\/div>\n          <\/div>\n    <\/div>\n\n\t\n    \n\n\t\t<\/div>\n\t\t\t\t\t<\/div>\n\n\t\n\n\t<div id=\"col-292794707\" class=\"col medium-3 small-12 large-3\"  >\n\t\t\t\t<div class=\"col-inner\"  >\n\t\t\t\n\t\t\t\n\n    <div class=\"box has-hover has-hover box-text-bottom\" >\n\n                  <div class=\"box-image \" style=\"width:80%;\">\n           <div class=\"box-image-inner image-cover\" style=\"border-radius:100%;padding-top:100%;\">\n              <img loading=\"lazy\" decoding=\"async\" width=\"1471\" height=\"1471\" src=\"https:\/\/romedinf.srimed.ro\/2023\/wp-content\/uploads\/2023\/05\/image1.jpeg\" class=\"attachment- size-\" alt=\"\" srcset=\"https:\/\/romedinf.srimed.ro\/2023\/wp-content\/uploads\/2023\/05\/image1.jpeg 1471w, https:\/\/romedinf.srimed.ro\/2023\/wp-content\/uploads\/2023\/05\/image1-300x300.jpeg 300w, https:\/\/romedinf.srimed.ro\/2023\/wp-content\/uploads\/2023\/05\/image1-1024x1024.jpeg 1024w, https:\/\/romedinf.srimed.ro\/2023\/wp-content\/uploads\/2023\/05\/image1-150x150.jpeg 150w, https:\/\/romedinf.srimed.ro\/2023\/wp-content\/uploads\/2023\/05\/image1-768x768.jpeg 768w\" sizes=\"auto, (max-width: 1471px) 100vw, 1471px\" \/>                         <\/div>\n          <\/div>\n         \n          <div class=\"box-text text-center\" >\n                <div class=\"box-text-inner\">\n                  <h4 class=\"uppercase\">\n                    <span class=\"person-name\">PhD. Juan A. S\u00e1nchez Margallo<\/span><br\/>\n                    <span class=\"person-title is-small thin-font op-7\">\n                                          <\/span>\n                  <\/h4>\n\t\t\t\t\t\n\n<a href=\"https:\/\/romedinf.srimed.ro\/2023\/2023\/05\/23\/juan-a-sanchez-margallo\/\" target=\"_self\" class=\"button primary is-outline\"  style=\"border-radius:10px;\">\n    <span>Abstract<\/span>\n  <\/a>\n\n\n\n                <\/div>\n          <\/div>\n    <\/div>\n\n\t\n    \n    <div class=\"box has-hover has-hover box-text-bottom\" >\n\n                  <div class=\"box-image \" style=\"width:80%;\">\n           <div class=\"box-image-inner image-cover\" style=\"border-radius:100%;padding-top:100%;\">\n              <img loading=\"lazy\" decoding=\"async\" width=\"800\" height=\"800\" src=\"https:\/\/romedinf.srimed.ro\/2023\/wp-content\/uploads\/2023\/09\/1670417109968.jpg\" class=\"attachment- size-\" alt=\"\" srcset=\"https:\/\/romedinf.srimed.ro\/2023\/wp-content\/uploads\/2023\/09\/1670417109968.jpg 800w, https:\/\/romedinf.srimed.ro\/2023\/wp-content\/uploads\/2023\/09\/1670417109968-300x300.jpg 300w, https:\/\/romedinf.srimed.ro\/2023\/wp-content\/uploads\/2023\/09\/1670417109968-50x50.jpg 50w, https:\/\/romedinf.srimed.ro\/2023\/wp-content\/uploads\/2023\/09\/1670417109968-768x768.jpg 768w\" sizes=\"auto, (max-width: 800px) 100vw, 800px\" \/>                         <\/div>\n          <\/div>\n         \n          <div class=\"box-text text-center\" >\n                <div class=\"box-text-inner\">\n                  <h4 class=\"uppercase\">\n                    <span class=\"person-name\">Andra Oxana Cenan Gl\u0103van<\/span><br\/>\n                    <span class=\"person-title is-small thin-font op-7\">\n                                          <\/span>\n                  <\/h4>\n\t\t\t\t\t\n\n<a href=\"https:\/\/romedinf.srimed.ro\/2023\/2023\/09\/10\/andra-cenan-glavan\/\" target=\"_self\" class=\"button primary is-outline\"  style=\"border-radius:10px;\">\n    <span>Abstract<\/span>\n  <\/a>\n\n\n\n                <\/div>\n          <\/div>\n    <\/div>\n\n\t\n    \n\n\t\t<\/div>\n\t\t\t\t\t<\/div>\n\n\t\n\n\t<div id=\"col-825404819\" class=\"col medium-3 small-12 large-3\"  >\n\t\t\t\t<div class=\"col-inner\"  >\n\t\t\t\n\t\t\t\n\n    <div class=\"box has-hover has-hover box-text-bottom\" >\n\n                  <div class=\"box-image \" style=\"width:80%;\">\n           <div class=\"box-image-inner image-cover\" style=\"border-radius:100%;padding-top:100%;\">\n              <img loading=\"lazy\" decoding=\"async\" width=\"700\" height=\"700\" src=\"https:\/\/romedinf.srimed.ro\/2023\/wp-content\/uploads\/2023\/06\/JohnMantas.jpg\" class=\"attachment- size-\" alt=\"\" srcset=\"https:\/\/romedinf.srimed.ro\/2023\/wp-content\/uploads\/2023\/06\/JohnMantas.jpg 700w, https:\/\/romedinf.srimed.ro\/2023\/wp-content\/uploads\/2023\/06\/JohnMantas-300x300.jpg 300w, https:\/\/romedinf.srimed.ro\/2023\/wp-content\/uploads\/2023\/06\/JohnMantas-50x50.jpg 50w\" sizes=\"auto, (max-width: 700px) 100vw, 700px\" \/>                         <\/div>\n          <\/div>\n         \n          <div class=\"box-text text-center\" >\n                <div class=\"box-text-inner\">\n                  <h4 class=\"uppercase\">\n                    <span class=\"person-name\">Professor PhD. John Mantas<\/span><br\/>\n                    <span class=\"person-title is-small thin-font op-7\">\n                                          <\/span>\n                  <\/h4>\n\t\t\t\t\t\n\n<a href=\"https:\/\/romedinf.srimed.ro\/2023\/2023\/09\/02\/john-mantas\/\" target=\"_self\" class=\"button primary is-outline\"  style=\"border-radius:10px;\">\n    <span>Abstract<\/span>\n  <\/a>\n\n\n\n                <\/div>\n          <\/div>\n    <\/div>\n\n\t\n    \n\n\t\t<\/div>\n\t\t\t\t\t<\/div>\n\n\t\n\n\t<div id=\"col-740675345\" class=\"col medium-3 small-12 large-3\"  >\n\t\t\t\t<div class=\"col-inner\"  >\n\t\t\t\n\t\t\t\n\n    <div class=\"box has-hover has-hover box-text-bottom\" >\n\n                  <div class=\"box-image \" style=\"width:80%;\">\n           <div class=\"box-image-inner image-cover\" style=\"border-radius:100%;padding-top:100%;\">\n              <img loading=\"lazy\" decoding=\"async\" width=\"789\" height=\"1000\" src=\"https:\/\/romedinf.srimed.ro\/2023\/wp-content\/uploads\/2023\/08\/Gary_Ostertag.jpg\" class=\"attachment- size-\" alt=\"\" srcset=\"https:\/\/romedinf.srimed.ro\/2023\/wp-content\/uploads\/2023\/08\/Gary_Ostertag.jpg 789w, https:\/\/romedinf.srimed.ro\/2023\/wp-content\/uploads\/2023\/08\/Gary_Ostertag-237x300.jpg 237w, https:\/\/romedinf.srimed.ro\/2023\/wp-content\/uploads\/2023\/08\/Gary_Ostertag-768x973.jpg 768w\" sizes=\"auto, (max-width: 789px) 100vw, 789px\" \/>                         <\/div>\n          <\/div>\n         \n          <div class=\"box-text text-center\" >\n                <div class=\"box-text-inner\">\n                  <h4 class=\"uppercase\">\n                    <span class=\"person-name\">Professor PhD. Gary Ostertag<\/span><br\/>\n                    <span class=\"person-title is-small thin-font op-7\">\n                                          <\/span>\n                  <\/h4>\n\t\t\t\t\t\n\n<a href=\"https:\/\/romedinf.srimed.ro\/2023\/2023\/08\/16\/gary-ostertag\/\" target=\"_self\" class=\"button primary is-outline\"  style=\"border-radius:10px;\">\n    <span>Abstract<\/span>\n  <\/a>\n\n\n\n                <\/div>\n          <\/div>\n    <\/div>\n\n\t\n    \n\n\t\t<\/div>\n\t\t\t\t\t<\/div>\n\n\t\n\n<\/div>\n\n","protected":false},"excerpt":{"rendered":"","protected":false},"author":4,"featured_media":73,"parent":0,"menu_order":0,"comment_status":"closed","ping_status":"open","template":"","meta":{"footnotes":""},"class_list":["post-2","page","type-page","status-publish","has-post-thumbnail","hentry"],"_links":{"self":[{"href":"https:\/\/romedinf.srimed.ro\/2023\/wp-json\/wp\/v2\/pages\/2","targetHints":{"allow":["GET"]}}],"collection":[{"href":"https:\/\/romedinf.srimed.ro\/2023\/wp-json\/wp\/v2\/pages"}],"about":[{"href":"https:\/\/romedinf.srimed.ro\/2023\/wp-json\/wp\/v2\/types\/page"}],"author":[{"embeddable":true,"href":"https:\/\/romedinf.srimed.ro\/2023\/wp-json\/wp\/v2\/users\/4"}],"replies":[{"embeddable":true,"href":"https:\/\/romedinf.srimed.ro\/2023\/wp-json\/wp\/v2\/comments?post=2"}],"version-history":[{"count":70,"href":"https:\/\/romedinf.srimed.ro\/2023\/wp-json\/wp\/v2\/pages\/2\/revisions"}],"predecessor-version":[{"id":618,"href":"https:\/\/romedinf.srimed.ro\/2023\/wp-json\/wp\/v2\/pages\/2\/revisions\/618"}],"wp:featuredmedia":[{"embeddable":true,"href":"https:\/\/romedinf.srimed.ro\/2023\/wp-json\/wp\/v2\/media\/73"}],"wp:attachment":[{"href":"https:\/\/romedinf.srimed.ro\/2023\/wp-json\/wp\/v2\/media?parent=2"}],"curies":[{"name":"wp","href":"https:\/\/api.w.org\/{rel}","templated":true}]}}