{"id":25,"date":"2023-03-25T09:23:32","date_gmt":"2023-03-25T09:23:32","guid":{"rendered":"http:\/\/romedinf.srimed.ro\/2024\/?page_id=25"},"modified":"2024-05-14T09:57:12","modified_gmt":"2024-05-14T09:57:12","slug":"awards","status":"publish","type":"page","link":"https:\/\/romedinf.srimed.ro\/2024\/awards\/","title":{"rendered":"Awards"},"content":{"rendered":"\n<div class=\"container section-title-container\" ><h3 class=\"section-title section-title-center\"><b><\/b><span class=\"section-title-main\" >Awards<\/span><b><\/b><\/h3><\/div>\n\n\t<div id=\"stack-2634225390\" class=\"stack stack-row justify-start items-stretch\">\n\t\t\n\n\t<section class=\"section\" id=\"section_351741092\">\n\t\t<div class=\"bg section-bg fill bg-fill  bg-loaded\" >\n\n\t\t\t\n\t\t\t\n\t\t\t\n\t<div class=\"is-border\"\n\t\tstyle=\"border-color:rgb(235, 235, 235);border-width:1px 0px 0px 0px;\">\n\t<\/div>\n\n\t\t<\/div>\n\n\t\t\n\n\t\t<div class=\"section-content relative\">\n\t\t\t\n\n<div class=\"row\"  id=\"row-861945692\">\n\n\n\t<div id=\"col-1631391555\" class=\"col medium-4 small-12 large-4\"  >\n\t\t\t\t<div class=\"col-inner\"  >\n\t\t\t\n\t\t\t\n\n    <div class=\"box has-hover has-hover box-text-bottom\" >\n\n                  <div class=\"box-image \" style=\"width:80%;\">\n           <div class=\"box-image-inner image-cover\" style=\"border-radius:100%;padding-top:100%;\">\n              <img loading=\"lazy\" decoding=\"async\" width=\"2000\" height=\"2000\" src=\"https:\/\/romedinf.srimed.ro\/2024\/wp-content\/uploads\/2023\/04\/3180660.jpg\" class=\"attachment- size-\" alt=\"\" srcset=\"https:\/\/romedinf.srimed.ro\/2024\/wp-content\/uploads\/2023\/04\/3180660.jpg 2000w, https:\/\/romedinf.srimed.ro\/2024\/wp-content\/uploads\/2023\/04\/3180660-300x300.jpg 300w, https:\/\/romedinf.srimed.ro\/2024\/wp-content\/uploads\/2023\/04\/3180660-100x100.jpg 100w, https:\/\/romedinf.srimed.ro\/2024\/wp-content\/uploads\/2023\/04\/3180660-600x600.jpg 600w, https:\/\/romedinf.srimed.ro\/2024\/wp-content\/uploads\/2023\/04\/3180660-1024x1024.jpg 1024w, https:\/\/romedinf.srimed.ro\/2024\/wp-content\/uploads\/2023\/04\/3180660-150x150.jpg 150w, https:\/\/romedinf.srimed.ro\/2024\/wp-content\/uploads\/2023\/04\/3180660-768x768.jpg 768w, https:\/\/romedinf.srimed.ro\/2024\/wp-content\/uploads\/2023\/04\/3180660-1536x1536.jpg 1536w\" sizes=\"auto, (max-width: 2000px) 100vw, 2000px\" \/>                         <\/div>\n          <\/div>\n         \n          <div class=\"box-text text-center\" >\n                <div class=\"box-text-inner\">\n                  <h4 class=\"uppercase\">\n                    <span class=\"person-name\">STUDY DESIGN AND ANALYSIS<\/span><br\/>\n                    <span class=\"person-title is-small thin-font op-7\">\n                      AWARD                    <\/span>\n                  <\/h4>\n\t\t\t\t\t\n\n\t<div id=\"text-1845719528\" class=\"text\">\n\t\t\n\n<p>The award will be assigned to one jRoMedINF 2024 participant as mentoring support for translation of an idea towards a scientific evaluation<\/p>\n\t\t\n<style>\n#text-1845719528 {\n  text-align: center;\n  color: #446084;\n}\n#text-1845719528 > * {\n  color: #446084;\n}\n<\/style>\n\t<\/div>\n\t\n<p><u>Adela-Vasilica GUDIU<\/u>, L\u0103cr\u0103mioara STOICU-TIVADAR \u2013\u00a0<a href=\"https:\/\/ami.info.umfcluj.ro\/index.php\/AMI\/article\/view\/1042\" target=\"_blank\" rel=\"noopener\"><em>Melanoma Detection using Transfer Learning<\/em><\/a><\/p>\n\n                <\/div>\n          <\/div>\n    <\/div>\n\n\t\n    \n\n\t\t<\/div>\n\t\t\t\t\t<\/div>\n\n\t\n\n\t<div id=\"col-2131046797\" class=\"col medium-4 small-12 large-4\"  >\n\t\t\t\t<div class=\"col-inner\"  >\n\t\t\t\n\t\t\t\n\n    <div class=\"box has-hover has-hover box-text-bottom\" >\n\n                  <div class=\"box-image \" style=\"width:80%;\">\n           <div class=\"box-image-inner image-cover\" style=\"border-radius:100%;padding-top:100%;\">\n              <img loading=\"lazy\" decoding=\"async\" width=\"2000\" height=\"2000\" src=\"https:\/\/romedinf.srimed.ro\/2024\/wp-content\/uploads\/2023\/04\/3180531.jpg\" class=\"attachment- size-\" alt=\"\" srcset=\"https:\/\/romedinf.srimed.ro\/2024\/wp-content\/uploads\/2023\/04\/3180531.jpg 2000w, https:\/\/romedinf.srimed.ro\/2024\/wp-content\/uploads\/2023\/04\/3180531-300x300.jpg 300w, https:\/\/romedinf.srimed.ro\/2024\/wp-content\/uploads\/2023\/04\/3180531-100x100.jpg 100w, https:\/\/romedinf.srimed.ro\/2024\/wp-content\/uploads\/2023\/04\/3180531-600x600.jpg 600w, https:\/\/romedinf.srimed.ro\/2024\/wp-content\/uploads\/2023\/04\/3180531-1024x1024.jpg 1024w, https:\/\/romedinf.srimed.ro\/2024\/wp-content\/uploads\/2023\/04\/3180531-150x150.jpg 150w, https:\/\/romedinf.srimed.ro\/2024\/wp-content\/uploads\/2023\/04\/3180531-768x768.jpg 768w, https:\/\/romedinf.srimed.ro\/2024\/wp-content\/uploads\/2023\/04\/3180531-1536x1536.jpg 1536w\" sizes=\"auto, (max-width: 2000px) 100vw, 2000px\" \/>                         <\/div>\n          <\/div>\n         \n          <div class=\"box-text text-center\" >\n                <div class=\"box-text-inner\">\n                  <h4 class=\"uppercase\">\n                    <span class=\"person-name\">SCIENTIFIC WRITING<\/span><br\/>\n                    <span class=\"person-title is-small thin-font op-7\">\n                      AWARD                    <\/span>\n                  <\/h4>\n\t\t\t\t\t\n\n\t<div id=\"text-1902374780\" class=\"text\">\n\t\t\n\n<p>The award will be assigned to one jRoMedINF 2024 participant as mentoring support towards scientific publication of the research results<\/p>\n\t\t\n<style>\n#text-1902374780 {\n  text-align: center;\n  color: #7a9c59;\n}\n#text-1902374780 > * {\n  color: #7a9c59;\n}\n<\/style>\n\t<\/div>\n\t\n<p><u>Iulian ROMAN,\u00a0<\/u>C\u0103lin MUNTEAN, Sebastian-Aurelian \u015eTEF\u0102NIG\u0102 \u2013\u00a0<em><a href=\"https:\/\/ami.info.umfcluj.ro\/index.php\/AMI\/article\/view\/1014\" target=\"_blank\" rel=\"noopener\">Creating Medical Datasets using Robot Process Automation<\/a><\/em><\/p>\n\n                <\/div>\n          <\/div>\n    <\/div>\n\n\t\n    \n\n\t\t<\/div>\n\t\t\t\t\t<\/div>\n\n\t\n\n\t<div id=\"col-309557610\" class=\"col medium-4 small-12 large-4\"  >\n\t\t\t\t<div class=\"col-inner\"  >\n\t\t\t\n\t\t\t\n\n    <div class=\"box has-hover has-hover box-text-bottom\" >\n\n                  <div class=\"box-image \" style=\"width:80%;\">\n           <div class=\"box-image-inner image-cover\" style=\"border-radius:100%;padding-top:100%;\">\n              <img loading=\"lazy\" decoding=\"async\" width=\"2560\" height=\"1707\" src=\"https:\/\/romedinf.srimed.ro\/2024\/wp-content\/uploads\/2023\/04\/biologist-researcher-woman-doctor-holding-petri-dish-with-fluid-bacteria-analyzing-medical-plate-during-microbiology-clinical-experiment-chemist-scientist-working-pharmacology-hospital-laboratory-scaled.jpg\" class=\"attachment- size-\" alt=\"\" srcset=\"https:\/\/romedinf.srimed.ro\/2024\/wp-content\/uploads\/2023\/04\/biologist-researcher-woman-doctor-holding-petri-dish-with-fluid-bacteria-analyzing-medical-plate-during-microbiology-clinical-experiment-chemist-scientist-working-pharmacology-hospital-laboratory-scaled.jpg 2560w, https:\/\/romedinf.srimed.ro\/2024\/wp-content\/uploads\/2023\/04\/biologist-researcher-woman-doctor-holding-petri-dish-with-fluid-bacteria-analyzing-medical-plate-during-microbiology-clinical-experiment-chemist-scientist-working-pharmacology-hospital-laboratory-scaled-600x400.jpg 600w, https:\/\/romedinf.srimed.ro\/2024\/wp-content\/uploads\/2023\/04\/biologist-researcher-woman-doctor-holding-petri-dish-with-fluid-bacteria-analyzing-medical-plate-during-microbiology-clinical-experiment-chemist-scientist-working-pharmacology-hospital-laboratory-300x200.jpg 300w, https:\/\/romedinf.srimed.ro\/2024\/wp-content\/uploads\/2023\/04\/biologist-researcher-woman-doctor-holding-petri-dish-with-fluid-bacteria-analyzing-medical-plate-during-microbiology-clinical-experiment-chemist-scientist-working-pharmacology-hospital-laboratory-1024x683.jpg 1024w, https:\/\/romedinf.srimed.ro\/2024\/wp-content\/uploads\/2023\/04\/biologist-researcher-woman-doctor-holding-petri-dish-with-fluid-bacteria-analyzing-medical-plate-during-microbiology-clinical-experiment-chemist-scientist-working-pharmacology-hospital-laboratory-768x512.jpg 768w, https:\/\/romedinf.srimed.ro\/2024\/wp-content\/uploads\/2023\/04\/biologist-researcher-woman-doctor-holding-petri-dish-with-fluid-bacteria-analyzing-medical-plate-during-microbiology-clinical-experiment-chemist-scientist-working-pharmacology-hospital-laboratory-1536x1024.jpg 1536w, https:\/\/romedinf.srimed.ro\/2024\/wp-content\/uploads\/2023\/04\/biologist-researcher-woman-doctor-holding-petri-dish-with-fluid-bacteria-analyzing-medical-plate-during-microbiology-clinical-experiment-chemist-scientist-working-pharmacology-hospital-laboratory-2048x1365.jpg 2048w\" sizes=\"auto, (max-width: 2560px) 100vw, 2560px\" \/>                         <\/div>\n          <\/div>\n         \n          <div class=\"box-text text-center\" >\n                <div class=\"box-text-inner\">\n                  <h4 class=\"uppercase\">\n                    <span class=\"person-name\">INNOVATIVE ENTREPRENEURSHIP<\/span><br\/>\n                    <span class=\"person-title is-small thin-font op-7\">\n                      AWARD                    <\/span>\n                  <\/h4>\n\t\t\t\t\t\n\n\t<div id=\"text-2543371813\" class=\"text\">\n\t\t\n\n<p>The award will be assigned to one jRoMedINF 2024 with an innovative solution<\/p>\n\t\t\n<style>\n#text-2543371813 {\n  text-align: center;\n  color: rgb(220, 0, 54);\n}\n#text-2543371813 > * {\n  color: rgb(220, 0, 54);\n}\n<\/style>\n\t<\/div>\n\t\n\n                <\/div>\n          <\/div>\n    <\/div>\n\n\t\n    \n<p><u>Bogdan-Florin BARBU<\/u>,\u00a0<u>Claudiu SPIESCU<\/u>\u00a0\u2013\u00a0<a href=\"https:\/\/ami.info.umfcluj.ro\/index.php\/AMI\/article\/view\/1015\" target=\"_blank\" rel=\"noopener\"><em>AidLink<\/em><\/a><\/p>\n\n\t\t<\/div>\n\t\t\t\t\t<\/div>\n\n\t\n\n<\/div>\n\n\t\t<\/div>\n\n\t\t\n<style>\n#section_351741092 {\n  padding-top: 60px;\n  padding-bottom: 60px;\n  min-height: 300px;\n  background-color: rgb(245, 245, 245);\n}\n<\/style>\n\t<\/section>\n\t\n\n\t\t\n<style>\n#stack-2634225390 > * {\n  --stack-gap: 0rem;\n}\n<\/style>\n\t<\/div>\n\t\n\n","protected":false},"excerpt":{"rendered":"","protected":false},"author":5,"featured_media":0,"parent":0,"menu_order":0,"comment_status":"closed","ping_status":"closed","template":"","meta":{"footnotes":""},"class_list":["post-25","page","type-page","status-publish","hentry"],"_links":{"self":[{"href":"https:\/\/romedinf.srimed.ro\/2024\/wp-json\/wp\/v2\/pages\/25","targetHints":{"allow":["GET"]}}],"collection":[{"href":"https:\/\/romedinf.srimed.ro\/2024\/wp-json\/wp\/v2\/pages"}],"about":[{"href":"https:\/\/romedinf.srimed.ro\/2024\/wp-json\/wp\/v2\/types\/page"}],"author":[{"embeddable":true,"href":"https:\/\/romedinf.srimed.ro\/2024\/wp-json\/wp\/v2\/users\/5"}],"replies":[{"embeddable":true,"href":"https:\/\/romedinf.srimed.ro\/2024\/wp-json\/wp\/v2\/comments?post=25"}],"version-history":[{"count":37,"href":"https:\/\/romedinf.srimed.ro\/2024\/wp-json\/wp\/v2\/pages\/25\/revisions"}],"predecessor-version":[{"id":1384,"href":"https:\/\/romedinf.srimed.ro\/2024\/wp-json\/wp\/v2\/pages\/25\/revisions\/1384"}],"wp:attachment":[{"href":"https:\/\/romedinf.srimed.ro\/2024\/wp-json\/wp\/v2\/media?parent=25"}],"curies":[{"name":"wp","href":"https:\/\/api.w.org\/{rel}","templated":true}]}}