{"id":2432,"date":"2025-09-16T21:07:05","date_gmt":"2025-09-16T18:07:05","guid":{"rendered":"https:\/\/romedinf.srimed.ro\/2026\/?page_id=2432"},"modified":"2025-09-16T21:07:43","modified_gmt":"2025-09-16T18:07:43","slug":"service-delivery-policy","status":"publish","type":"page","link":"https:\/\/romedinf.srimed.ro\/2026\/service-delivery-policy\/","title":{"rendered":"Service Delivery Policy"},"content":{"rendered":"\t\t<div data-elementor-type=\"wp-page\" data-elementor-id=\"2432\" class=\"elementor elementor-2432\" data-elementor-post-type=\"page\">\n\t\t\t\t<div class=\"elementor-element elementor-element-3dbe4f2c e-flex e-con-boxed e-con e-parent\" data-id=\"3dbe4f2c\" data-element_type=\"container\" data-e-type=\"container\">\n\t\t\t\t\t<div class=\"e-con-inner\">\n\t\t\t\t<div class=\"elementor-element elementor-element-27ce1497 elementor-widget elementor-widget-text-editor\" data-id=\"27ce1497\" data-element_type=\"widget\" data-e-type=\"widget\" data-widget_type=\"text-editor.default\">\n\t\t\t\t\t\t\t\t\t\n<h2 class=\"wp-block-heading\">English version<\/h2>\n\t\t\t\t\t\t\t\t<\/div>\n\t\t\t\t<div class=\"elementor-element elementor-element-8a81981 elementor-widget elementor-widget-text-editor\" data-id=\"8a81981\" data-element_type=\"widget\" data-e-type=\"widget\" data-widget_type=\"text-editor.default\">\n\t\t\t\t\t\t\t\t\t<p>The delivery of the services marketed under the Romanian Society of Medical Informatics brand by the Romanian Society of Medical Informatics is done in online or physical format, as the case may be.<\/p>\n<p>SECTION 1 &#8211; ORDERING PROCESS<\/p>\n<p>Art. 1. Choose the desired service and press the &#8220;Buy&#8221;\/ &#8220;Pay&#8221; button.<br \/>Art. 2. Enter your personal data and choose the online payment method.<br \/>Art. 3. Complete the correct order form and indicate the natural or legal person to whom the invoicing and delivery will be made, as appropriate.<\/p>\n<p>SECTION 2 &#8211; IMPORTANCE OF EMAIL ADDRESS<\/p>\n<p>Art. 4. The e-mail address is very important, because the information related to the purchased service will be sent via e-mail.<\/p>\n<p>SECTION 3 &#8211; ONLINE PAYMENT<\/p>\n<p>Art. 5. If you choose online payment, enter the data, press &#8220;Buy&#8221; \/ &#8220;Pay&#8221; and you will be redirected to the NETOPIA MOBILPAY payment processor, where you will enter your card data.<br \/>Art. 6. For these types of payments you will benefit from banking security for online transactions, guaranteed by NETOPIA MOBILPAY.<br \/>Art. 7. The Romanian Medical Informatics Society does not store or have access to your card data.<\/p>\n<p>SECTION 4 &#8211; CONFIRMATION OF THE TRANSACTION<\/p>\n<p>Art. 8. If the transaction is completed successfully, you will be redirected back to the website https:\/\/srimed.ro or the associated subdomains, where you will receive details related to access to the purchased service.<\/p>\n<p>SECTION 5 &#8211; DELIVERY OF SERVICES<\/p>\n<p>Art. 9. The email containing the information on how to use the ordered products\/services is delivered to you within two working days at the latest from the payment confirmation.<\/p>\n<p>Version 1.0<\/p>\t\t\t\t\t\t\t\t<\/div>\n\t\t\t\t\t<\/div>\n\t\t\t\t<\/div>\n\t\t<div class=\"elementor-element elementor-element-87aecd2 e-flex e-con-boxed e-con e-parent\" data-id=\"87aecd2\" data-element_type=\"container\" data-e-type=\"container\">\n\t\t\t\t\t<div class=\"e-con-inner\">\n\t\t\t\t<div class=\"elementor-element elementor-element-54da309 elementor-widget elementor-widget-text-editor\" data-id=\"54da309\" data-element_type=\"widget\" data-e-type=\"widget\" data-widget_type=\"text-editor.default\">\n\t\t\t\t\t\t\t\t\t\n<h2 class=\"wp-block-heading\">Romanian version<\/h2>\n\t\t\t\t\t\t\t\t<\/div>\n\t\t\t\t<div class=\"elementor-element elementor-element-a526f8e elementor-widget elementor-widget-text-editor\" data-id=\"a526f8e\" data-element_type=\"widget\" data-e-type=\"widget\" data-widget_type=\"text-editor.default\">\n\t\t\t\t\t\t\t\t\t<p>Livrarea serviciilor comercializate sub marca Societatea Rom\u00e2n\u0103 de Informatic\u0103 Medical\u0103 de c\u0103tre Societatea Rom\u00e2n\u0103 de Informatic\u0103 Medical\u0103 se face \u00een format online sau fizic, dup\u0103 caz.<\/p>\n<p>SEC\u021aIUNEA 1 &#8211; PROCESUL DE COMAND\u0102<\/p>\n<p>Art. 1. Alege\u021bi serviciul dorit \u0219i ap\u0103sa\u021bi butonul \u201eCump\u0103r\u0103\u201d\/ \u201ePl\u0103te\u0219te\u201d.<br \/>Art. 2. Introduce\u021bi datele personale \u0219i alege\u021bi metoda de plat\u0103 online.<br \/>Art. 3. Completa\u021bi formularul de comand\u0103 corect \u0219i indica\u021bi persoana fizic\u0103 sau juridic\u0103 c\u0103tre care se va face facturarea \u0219i livrarea, dup\u0103 caz.<\/p>\n<p>SEC\u021aIUNEA 2 &#8211; IMPORTAN\u021aA ADRESEI DE EMAIL<\/p>\n<p>Art. 4. Adresa de e-mail este foarte important\u0103, deoarece informa\u021biile legate de serviciul achizi\u021bionat vor fi transmise via e-mail.<\/p>\n<p>SEC\u021aIUNEA 3 &#8211; PLATA ONLINE<\/p>\n<p>Art. 5. Dac\u0103 alege\u021bi plata online, introduce\u021bi datele, ap\u0103sa\u021bi \u201eCump\u0103r\u0103\u201d\/ \u201ePl\u0103te\u0219te\u201d \u0219i ve\u021bi fi redirec\u021bionat c\u0103tre procesatorul de pl\u0103\u021bi NETOPIA MOBILPAY, unde ve\u021bi introduce datele cardului dumneavoastr\u0103.<br \/>Art. 6. Pentru aceste tipuri de pl\u0103\u021bi ve\u021bi beneficia de securitatea bancar\u0103 pentru tranzac\u021bionarea online, garantat\u0103 de NETOPIA MOBILPAY.<br \/>Art. 7. Societatea Rom\u00e2n\u0103 de Informatic\u0103 Medical\u0103 nu stocheaz\u0103 \u0219i nu are acces la datele cardului dumneavoastr\u0103.<\/p>\n<p>SEC\u021aIUNEA 4 &#8211; CONFIRMAREA TRANZAC\u021aIEI<\/p>\n<p>Art. 8. Dac\u0103 tranzac\u021bia este realizat\u0103 cu succes, ve\u021bi fi redirec\u021bionat \u00eenapoi pe website-ul https:\/\/srimed.ro sau subdomeniile asociate, unde ve\u021bi primi detalii legate de accesul la serviciul achizi\u021bionat.<\/p>\n<p>SEC\u021aIUNEA 5 &#8211; LIVRAREA SERVICIILOR<\/p>\n<p>Art. 9. Email-ul care con\u021bine informa\u021biile despre modul de utilizare a produselor\/serviciilor comandate este livrat c\u0103tre dvs. \u00een cel mult dou\u0103 zi lucr\u0103toare de la confirmarea pl\u0103\u021bii.<\/p>\n<p>Versiunea 1.0<\/p>\t\t\t\t\t\t\t\t<\/div>\n\t\t\t\t\t<\/div>\n\t\t\t\t<\/div>\n\t\t\t\t<\/div>\n\t\t","protected":false},"excerpt":{"rendered":"<p>English version The delivery of the services marketed under the Romanian Society of Medical Informatics brand by the Romanian Society of Medical Informatics is done in online or physical format, as the case may be. SECTION 1 &#8211; ORDERING PROCESS Art. 1. Choose the desired service and press the &#8220;Buy&#8221;\/ &#8220;Pay&#8221; button.Art. 2. Enter your [&hellip;]<\/p>\n","protected":false},"author":1,"featured_media":0,"parent":0,"menu_order":0,"comment_status":"closed","ping_status":"closed","template":"","meta":{"inline_featured_image":false,"footnotes":""},"class_list":["post-2432","page","type-page","status-publish","hentry"],"_links":{"self":[{"href":"https:\/\/romedinf.srimed.ro\/2026\/wp-json\/wp\/v2\/pages\/2432","targetHints":{"allow":["GET"]}}],"collection":[{"href":"https:\/\/romedinf.srimed.ro\/2026\/wp-json\/wp\/v2\/pages"}],"about":[{"href":"https:\/\/romedinf.srimed.ro\/2026\/wp-json\/wp\/v2\/types\/page"}],"author":[{"embeddable":true,"href":"https:\/\/romedinf.srimed.ro\/2026\/wp-json\/wp\/v2\/users\/1"}],"replies":[{"embeddable":true,"href":"https:\/\/romedinf.srimed.ro\/2026\/wp-json\/wp\/v2\/comments?post=2432"}],"version-history":[{"count":4,"href":"https:\/\/romedinf.srimed.ro\/2026\/wp-json\/wp\/v2\/pages\/2432\/revisions"}],"predecessor-version":[{"id":2436,"href":"https:\/\/romedinf.srimed.ro\/2026\/wp-json\/wp\/v2\/pages\/2432\/revisions\/2436"}],"wp:attachment":[{"href":"https:\/\/romedinf.srimed.ro\/2026\/wp-json\/wp\/v2\/media?parent=2432"}],"curies":[{"name":"wp","href":"https:\/\/api.w.org\/{rel}","templated":true}]}}