{"id":31,"date":"2024-03-18T07:03:35","date_gmt":"2024-03-18T07:03:35","guid":{"rendered":"https:\/\/wpolive.com\/grafco\/?page_id=31"},"modified":"2026-05-06T22:20:07","modified_gmt":"2026-05-06T19:20:07","slug":"schedule","status":"publish","type":"page","link":"https:\/\/romedinf.srimed.ro\/2026\/schedule\/","title":{"rendered":"Schedule"},"content":{"rendered":"\t\t<div data-elementor-type=\"wp-page\" data-elementor-id=\"31\" class=\"elementor elementor-31\" data-elementor-post-type=\"page\">\n\t\t\t\t<div class=\"elementor-element elementor-element-730bff8 e-flex e-con-boxed e-con e-parent\" data-id=\"730bff8\" data-element_type=\"container\" data-e-type=\"container\" data-settings=\"{&quot;background_background&quot;:&quot;classic&quot;}\">\n\t\t\t\t\t<div class=\"e-con-inner\">\n\t\t\t\t<div class=\"elementor-element elementor-element-36ec580 elementor-widget elementor-widget-heading\" data-id=\"36ec580\" data-element_type=\"widget\" data-e-type=\"widget\" data-widget_type=\"heading.default\">\n\t\t\t\t\t<h1 class=\"elementor-heading-title elementor-size-default\">Schedule<\/h1>\t\t\t\t<\/div>\n\t\t\t\t\t<\/div>\n\t\t\t\t<\/div>\n\t\t<div class=\"elementor-element elementor-element-cc78301 e-con-full e-flex e-con e-parent\" data-id=\"cc78301\" data-element_type=\"container\" data-e-type=\"container\">\n\t\t<div class=\"elementor-element elementor-element-cde41bb e-con-full e-flex e-con e-child\" data-id=\"cde41bb\" data-element_type=\"container\" data-e-type=\"container\">\n\t\t\t\t<div class=\"elementor-element elementor-element-c014e41 elementor-widget elementor-widget-html\" data-id=\"c014e41\" data-element_type=\"widget\" data-e-type=\"widget\" data-widget_type=\"html.default\">\n\t\t\t\t\t\n<div class=\"program-page\">\n<a class=\"program-skip\" href=\"#program-main\">Skip to program<\/a>\n\n\t<main id=\"program-main\" class=\"program-body-wrap\">\n\t\t<div class=\"container\">\n\t\t\t<div class=\"program-venue\">\n\t\t\t\t<p>University of Medicine and Pharmacy \u201cCarol Davila\u201d Bucharest, Faculty of Medicine Palace, Council Hall, 8 Eroii Sanitari Boulevard, 050474 Bucharest, Romania &amp; Online via Google Meet<\/p>\n\t\t\t<\/div>\n\n\t\t\t<nav class=\"program-jump\" aria-label=\"Jump to day\">\n\t\t\t\t<a href=\"#day-1\">Day 1 \u2013 14 May 2026<\/a>\n\t\t\t\t<a href=\"#day-2\">Day 2 \u2013 15 May 2026<\/a>\n\t\t\t<\/nav>\n\n\t\t\t<section id=\"day-1\" class=\"program-day\" aria-labelledby=\"day-1-heading\">\n\t\t\t\t<div class=\"program-day-header\">\n\t\t\t\t\t<h2 id=\"day-1-heading\">Day 1 \u2013 14 May 2026<\/h2>\n\t\t\t\t<\/div>\n\n\t\t\t\t<section class=\"program-session\" aria-labelledby=\"s1\">\n\t\t\t\t\t<h3 id=\"s1\">Session 1<\/h3>\n\t\t\t\t\t<ul class=\"program-list\">\n\t\t\t\t\t\t<li class=\"program-item\"><span class=\"program-time\">9:00-9:15<\/span><p class=\"program-detail\">jRoMedINF Opening Ceremony<\/p><\/li>\n\t\t\t\t\t\t<li class=\"program-item program-item--invited\"><span class=\"program-time\">9:15-9:45<\/span><p class=\"program-detail\"><strong>Invited Speaker:<\/strong> Ioan Gheorghe PETROVAI - 10 Years of Healthcare Innovation in Romania - What was it and what could it be?<span class=\"program-pipe\" aria-hidden=\"true\"> |<\/span><span class=\"program-chair\"> Sorana D. BOLBOAC\u0102 <\/span><\/p><\/li>\n\t\t\t\t\t\t<li class=\"program-item program-item--invited\"><span class=\"program-time\">9:45-10:15<\/span><p class=\"program-detail\"><strong>Invited Speaker:<\/strong> Vicenzo DELA MEA - Automated coding of clinical documents<span class=\"program-pipe\" aria-hidden=\"true\"> |<\/span><span class=\"program-chair\"> C\u0103lin MUNTEAN <\/span><\/p><\/li>\n\t\t\t\t\t\t<li class=\"program-item\"><span class=\"program-time\">10:15-10:30<\/span><p class=\"program-detail\">Paper 21 - Robert ANCUCEANU, Doina DR\u0102G\u0102NESCU, and Bogdan TAMBA \u2013 Automating Adverse Event Extraction from EMA Summary of Product Characteristics<span class=\"program-pipe\" aria-hidden=\"true\"> |<\/span><span class=\"program-chair\"> Sorana D. BOLBOAC\u0102 <\/span><\/p><\/li>\n\t\t\t\t\t\t<li class=\"program-item\"><span class=\"program-time\">10:30-10:45<\/span><p class=\"program-detail\">Paper 22 - Madalina Elena DATCU, Adrian DOLOCA, Cristina-Gena DASCALU, Vasile Lucian BOICULESE, and Mihaela MOSCALU \u2013 Optimizing The ECG Data Lifecycle for High-Fidelity Clinical Decision Support<span class=\"program-pipe\" aria-hidden=\"true\"> |<\/span><span class=\"program-chair\"> C\u0103lin MUNTEAN <\/span><\/p><\/li>\n\t\t\t\t\t\t<li class=\"program-item program-item--break\"><span class=\"program-time\">10:45-11:00<\/span><p class=\"program-detail\">Coffee break<\/p><\/li>\n\t\t\t\t\t<\/ul>\n\t\t\t\t<\/section>\n\n\t\t\t\t<section class=\"program-session\" aria-labelledby=\"s2\">\n\t\t\t\t\t<h3 id=\"s2\">Session 2<\/h3>\n\t\t\t\t\t<ul class=\"program-list\">\n\t\t\t\t\t\t<li class=\"program-item program-item--invited\"><span class=\"program-time\">11:00-11:30<\/span><p class=\"program-detail\"><strong>Invited Speaker:<\/strong> Ciprian DOBRE- From Medical Data to Digital Technology: the Changing Landscape of Artificial Intelligence<span class=\"program-pipe\" aria-hidden=\"true\"> |<\/span><span class=\"program-chair\"> Sorana D. BOLBOAC\u0102 <\/span><\/p><\/li>\n\t\t\t\t\t\t<li class=\"program-item\"><span class=\"program-time\">11:30-11:45<\/span><p class=\"program-detail\">Paper 36 - Antonia-Romina MILAK \u2013 The Opinion of the General Romanian Population on Introducing an AI-powered Medical Data Collector<span class=\"program-pipe\" aria-hidden=\"true\"> |<\/span><span class=\"program-chair\"> C\u0103lin MUNTEAN <\/span><\/p><\/li>\n\t\t\t\t\t\t<li class=\"program-item\"><span class=\"program-time\">11:45-12:00<\/span><p class=\"program-detail\">Paper 48 - Daniela-Ioana MANEA, Dorel PARASCHIV MIHAI, Andreea POPESCU CATANESCU, and Andreea Maria ARGINTEANU \u2013 From Medical Data to Sustainable and Equitable Health Decisions<span class=\"program-pipe\" aria-hidden=\"true\"> |<\/span><span class=\"program-chair\"> Sorana D. BOLBOAC\u0102 <\/span><\/p><\/li>\n\t\t\t\t\t\t<li class=\"program-item\"><span class=\"program-time\">12:00-12:15<\/span><p class=\"program-detail\">Paper 54 - Ana-Maria-Iasmina GU\u0218C\u0102, and Todor IVA\u0218CU \u2013 AMI: a Chatbot for Emotional Support in Romanian<span class=\"program-pipe\" aria-hidden=\"true\"> |<\/span><span class=\"program-chair\"> C\u0103lin MUNTEAN <\/span><\/p><\/li>\n\t\t\t\t\t\t<li class=\"program-item\"><span class=\"program-time\">12:15-12:30<\/span><p class=\"program-detail\">Paper 28 - Iulia Maria GHEJU \u2013 Classification of sleep stages from EEG data<span class=\"program-pipe\" aria-hidden=\"true\"> |<\/span><span class=\"program-chair\"> Sorana D. BOLBOAC\u0102 <\/span><\/p><\/li>\n\t\t\t\t\t\t<li class=\"program-item program-item--break\"><span class=\"program-time\">12:30 \u2013 13:30<\/span><p class=\"program-detail\">Lunch break<\/p><\/li>\n\t\t\t\t\t<\/ul>\n\t\t\t\t<\/section>\n\n\t\t\t\t<section class=\"program-session\" aria-labelledby=\"s3\">\n\t\t\t\t\t<h3 id=\"s3\">Session 3<\/h3>\n\t\t\t\t\t<ul class=\"program-list\">\n\t\t\t\t\t\t<li class=\"program-item program-item--invited\"><span class=\"program-time\">13:30-14:00<\/span><p class=\"program-detail\"><strong>Invited Speaker:<\/strong> Debora GILL- Bridging Data and Diagnosis: Artificial Inteligence Methods for Medical Imaging and Decision Support  <span class=\"program-pipe\" aria-hidden=\"true\">|<\/span><span class=\"program-chair\"> Mircea \u0218ERB\u0102NESCU <\/span><\/p><\/li>\n\t\t\t\t\t\t<li class=\"program-item\"><span class=\"program-time\">14:00-14:15<\/span><p class=\"program-detail\">Paper 5 - Pawan LINGRAS, Robert CHEN, Santokh DHILLON, and Mohammed Shameer IQBAL \u2013 Kardio Diagnostix Implementation of a Continuous Medical Data Lifecycle<span class=\"program-pipe\" aria-hidden=\"true\"> |<\/span><span class=\"program-chair\"> Octavian ANDRONIC <\/span><\/p><\/li>\n\t\t\t\t\t\t<li class=\"program-item\"><span class=\"program-time\">14:15-14:30<\/span><p class=\"program-detail\">Paper 42 - Daniel-Robert STANESCU, Andrei-Florentin B\u0102IA\u015eU, and Mircea-Sebastian \u015eERB\u0102NESCU \u2013 Automated Detection of Coronary Artery Disease from Multiparametric Cardiac Magnetic Resonance Imaging Using Deep Learning<span class=\"program-pipe\" aria-hidden=\"true\"> |<\/span><span class=\"program-chair\"> Mircea \u0218ERB\u0102NESCU <\/span><\/p><\/li>\n\t\t\t\t\t\t<li class=\"program-item\"><span class=\"program-time\">14:30-14:45<\/span><p class=\"program-detail\">Paper 51 - Mihai Cosmin CLAUDIU \u2013 Physics-Informed Neural Networks for Robust Multiple Sclerosis Lesion Detection: Integrating Bloch-Based Pre-training<span class=\"program-pipe\" aria-hidden=\"true\"> |<\/span><span class=\"program-chair\"> Octavian ANDRONIC <\/span><\/p><\/li>\n\t\t\t\t\t\t<li class=\"program-item\"><span class=\"program-time\">14:45-15:00<\/span><p class=\"program-detail\">Paper 39 - Ioana BADIU, Aurel CORUIAN, and Alin BRINDUSESCU \u2013 A Frequency-Based Electroencephalography Approach to Real-Time Attention Detection<span class=\"program-pipe\" aria-hidden=\"true\"> |<\/span><span class=\"program-chair\"> Mircea \u0218ERB\u0102NESCU <\/span><\/p><\/li>\n\t\t\t\t\t\t<li class=\"program-item\"><span class=\"program-time\">15:00-15:15<\/span><p class=\"program-detail\">Paper 53 - \u0218tefana IV\u00c1NIK \u2013 Automated Breast Lesion Segmentation in Ultrasound Images Using Attention U-Net Architectures<span class=\"program-pipe\" aria-hidden=\"true\"> |<\/span><span class=\"program-chair\"> Octavian ANDRONIC <\/span><\/p><\/li>\n\t\t\t\t\t\t<li class=\"program-item program-item--break\"><span class=\"program-time\">15:15 \u2013 15:30<\/span><p class=\"program-detail\">Coffee break<\/p><\/li>\n\t\t\t\t\t<\/ul>\n\t\t\t\t<\/section>\n\n\t\t\t\t<section class=\"program-session\" aria-labelledby=\"s4\">\n\t\t\t\t\t<h3 id=\"s4\">Session 4<\/h3>\n\t\t\t\t\t<ul class=\"program-list\">\n\t\t\t\t\t\t<li class=\"program-item program-item--invited\"><span class=\"program-time\">15:30-16:00<\/span><p class=\"program-detail\"><strong>Invited Speaker:<\/strong> D\u0103nu\u021b MAFTEI- Cybersecurity and Health Care Systems<span class=\"program-pipe\" aria-hidden=\"true\"> |<\/span><span class=\"program-chair\"> Octavian ANDRONIC <\/span><\/p><\/li>\n\t\t\t\t\t\t<li class=\"program-item\"><span class=\"program-time\">16:00-16:15<\/span><p class=\"program-detail\">Paper 56 - Andrei-Marius STOICA, and Sebastian-Aurelian \u0218TEF\u0102NIG\u0102 \u2013 Real-Time Sleep Stage Monitoring Using Neural Networks for Optimal Wake-Up Timing<span class=\"program-pipe\" aria-hidden=\"true\"> |<\/span><span class=\"program-chair\"> Mircea \u0218ERB\u0102NESCU  <\/span><\/p><\/li>\n\t\t\t\t\t\t<li class=\"program-item\"><span class=\"program-time\">16:15-16:30<\/span><p class=\"program-detail\">Paper 32 - Florin-Petru ZLATOVCEN \u2013 Laboratory informatics Artificial intelligence-based quality control: reagent validation models, drift detection and nonconformance prevention in transfusion tests<span class=\"program-pipe\" aria-hidden=\"true\"> |<\/span><span class=\"program-chair\"> Octavian ANDRONIC <\/span><\/p><\/li>\n\t\t\t\t\t\t<li class=\"program-item\"><span class=\"program-time\">16:30-16:45<\/span><p class=\"program-detail\">Paper 46 - Andreea-Maria ARGINTENU, Daniela-Ioana MANEA, and Octavian ANDRONIC \u2013 Artificial Intelligence for Polysomnographic Analysis: Clinical Validation, Technical Architecture and Real-World Implementation of Somnolyzer<span class=\"program-pipe\" aria-hidden=\"true\"> |<\/span><span class=\"program-chair\"> Mircea \u0218ERB\u0102NESCU <\/span><\/p><\/li>\n\t\t\t\t\t\t<li class=\"program-item\"><span class=\"program-time\">16:45-17:00<\/span><p class=\"program-detail\">Paper 26 - Mihaela MOSCALU, Adrian DOLOCA, Cristina Gena DASCALU, Madalina-Elena DATCU, and Vasile Lucian BOICULESE \u2013 Biomarker-Led Predictive Modelling and Risk Classification in Personalized Medicine<span class=\"program-pipe\" aria-hidden=\"true\"> |<\/span><span class=\"program-chair\"> Octavian ANDRONIC <\/span><\/p><\/li>\n\t\t\t\t\t\t<li class=\"program-item\"><span class=\"program-time\">18:00-20:00<\/span><p class=\"program-detail\">General Assembly of the Romanian Society of Medical Informatics<\/p><\/li>\n\t\t\t\t\t\t<li class=\"program-item\"><span class=\"program-time\">20:00-22:00<\/span><p class=\"program-detail\">Gala dinner (optional)<\/p><\/li>\n\t\t\t\t\t<\/ul>\n\t\t\t\t<\/section>\n\t\t\t<\/section>\n\n\t\t\t<section id=\"day-2\" class=\"program-day\" aria-labelledby=\"day-2-heading\">\n\t\t\t\t<div class=\"program-day-header\">\n\t\t\t\t\t<h2 id=\"day-2-heading\">Day 2 \u2013 15 May 2026<\/h2>\n\t\t\t\t<\/div>\n\n\t\t\t\t<section class=\"program-session\" aria-labelledby=\"s5\">\n\t\t\t\t\t<h3 id=\"s5\">Session 5<\/h3>\n\t\t\t\t\t<ul class=\"program-list\">\n\t\t\t\t\t\t<li class=\"program-item\"><span class=\"program-time\">9:00-9:15<\/span><p class=\"program-detail\">Paper 31 - Cristina-Gena DASCALU, Lucian Vasile BOICULESE, Mihaela MOSCALU, Madalina DATCU, and Magda Ecaterina ANTOHE \u2013 Spatial and Temporal Patterns in Type 2 Diabetes Dynamics in Romania \u2013 A 10-year Time Series Study<span class=\"program-pipe\" aria-hidden=\"true\"> |<\/span><span class=\"program-chair\"> C\u0103lin MUNTEAN <\/span><\/p><\/li>\n\t\t\t\t\t\t<li class=\"program-item\"><span class=\"program-time\">9:15-9:30<\/span><p class=\"program-detail\">Paper 24 - Robert-Leonard BERNAD, Radu CARAGIN-CRASOVAN, Lacrimioara STOICU-TIVADAR, Mihaela CRISAN-VIDA, and Sandor Ianos BERNAD \u2013 Traceable and Reproducible 3D Magnetic Field Mapping for Data-Driven Magnetic Drug Targeting<span class=\"program-pipe\" aria-hidden=\"true\"> |<\/span><span class=\"program-chair\"> Mircea \u0218ERB\u0102NESCU <\/span><\/p><\/li>\n\t\t\t\t\t\t<li class=\"program-item\"><span class=\"program-time\">9:30-9:45<\/span><p class=\"program-detail\">Paper 43 - Ana-Maria BOLDEA, Alexandra-Daniela ROTARU-ZAVALEANU, Andrei-Florentin B\u0102IA\u015eU, and Mircea-Sebastian \u015eERB\u0102NESCU \u2013 Measles Outbreak Prediction Using Machine Learning Models: A Regional Surveillance Study from South-West Romania<span class=\"program-pipe\" aria-hidden=\"true\"> |<\/span><span class=\"program-chair\"> C\u0103lin MUNTEAN <\/span><\/p><\/li>\n\t\t\t\t\t\t<li class=\"program-item\"><span class=\"program-time\">9:45-10:00<\/span><p class=\"program-detail\">Paper 50 - Flavia COSTI, Ana CORLAN, Emanuel COVACI, and Darian ONCHIS \u2013 Trustworthy Transformer Models for Thyroid Cancer Recurrence Prediction through Explanation Stability<span class=\"program-pipe\" aria-hidden=\"true\"> |<\/span><span class=\"program-chair\"> Mircea \u0218ERB\u0102NESCU <\/span><\/p><\/li>\n\t\t\t\t\t\t<li class=\"program-item\"><span class=\"program-time\">10:00-10:15<\/span><p class=\"program-detail\">Paper 25 - Radu C\u0102R\u0102GIN-CRA\u0218OVAN, Robert-Leonard BERNAD, L\u0103cr\u0103mioara STOICU-TIVADAR, Mihaela CRI\u0218AN-VIDA, and Sandor Iano\u0219 BERNAD \u2013 Automated Video-Based Surrogate Dose Estimation for Patient-Specific Magnetic Drug Targeting Using Time-Resolved Deposition Analysis<span class=\"program-pipe\" aria-hidden=\"true\"> |<\/span><span class=\"program-chair\"> C\u0103lin MUNTEAN <\/span><\/p><\/li>\n\t\t\t\t\t\t<li class=\"program-item\"><span class=\"program-time\">10:15-10:30<\/span><p class=\"program-detail\">   Paper 47 - Clara-Maria PETCU, Andreea-Ramona TRETEANU, Octavian ANDRONIC, and Stefan BUSNATU \u2013 Perception and Level of Acceptance of the General Population in Romania Regarding the Use of Wearable Devices for Health Monitoring<span class=\"program-pipe\" aria-hidden=\"true\"> |<\/span><span class=\"program-chair\"> Mircea \u0218ERB\u0102NESCU<\/span><\/p><\/li>\n\t\t\t\t\t\t<li class=\"program-item program-item--break\"><span class=\"program-time\">10:30-11:00<\/span><p class=\"program-detail\">Coffee break<\/p><\/li>\n\t\t\t\t\t<\/ul>\n\t\t\t\t<\/section>\n\n\t\t\t\t<section class=\"program-session\" aria-labelledby=\"s6\">\n\t\t\t\t\t<h3 id=\"s6\">Session 6<\/h3>\n\t\t\t\t\t<ul class=\"program-list\">\n\t\t\t\t\t\t<li class=\"program-item\"><span class=\"program-time\">11:00-11:15<\/span><p class=\"program-detail\">Paper 29 - Raul-Mihai R\u0102DULESCU, Maia MARIN, Mark DRAGOT\u0102, Izabella HANOS, Catalin-Andrei CHIRITA, and Sebastian-Aurelian STEFANIGA \u2013 Analysis of opportunity in novel medical research ideas using AI systems<span class=\"program-pipe\" aria-hidden=\"true\"> |<\/span><span class=\"program-chair\"> Sorana D. BOLBOAC\u0102 <\/span><\/p><\/li>\n\t\t\t\t\t\t<li class=\"program-item\"><span class=\"program-time\">11:15-11:30<\/span><p class=\"program-detail\">Paper 38 - Mihai POPESCU \u2013 Nervous System Array-like Organization<span class=\"program-pipe\" aria-hidden=\"true\"> |<\/span><span class=\"program-chair\"> C\u0103lin MUNTEAN <\/span><\/p><\/li>\n\t\t\t\t\t\t<li class=\"program-item\"><span class=\"program-time\">11:30-11:45<\/span><p class=\"program-detail\">Paper 55 - Nicoleta STOIAN, Liliana HALIP, and Laura PITULICE \u2013 Pharmacological space mapping via Structure-Target relationship using layered SOMs<span class=\"program-pipe\" aria-hidden=\"true\"> |<\/span><span class=\"program-chair\"> Octavian ANDRONIC <\/span><\/p><\/li>\n\t\t\t\t\t\t<li class=\"program-item\"><span class=\"program-time\">11:45-12:00<\/span><p class=\"program-detail\">Paper 17 - Vasile Lucian BOICULESE, Adrian DOLOCA, Cristina-Gena DASCALU, Mihaela MOSCALU, and Madalina-Elena DATCU \u2013 Medical Scores<span class=\"program-pipe\" aria-hidden=\"true\"> |<\/span><span class=\"program-chair\"> Mircea \u0218ERB\u0102NESCU <\/span><\/p><\/li>\n\t\t\t\t\t\t<li class=\"program-item\"><span class=\"program-time\">12:00-12:10<\/span><p class=\"program-detail\">Paper 52 - Alexandru-Robert FARCA\u0218, Cosmin BONCHI\u0218, and Sebastian-Aurelian STEFANIGA \u2013 Deep Learning Architectures for Ultrasound Image Analysis: A Narrative Review<span class=\"program-pipe\" aria-hidden=\"true\"> |<\/span><span class=\"program-chair\"> Octavian ANDRONIC <\/span><\/p><\/li>\n\t\t\t\t\t\t<li class=\"program-item\"><span class=\"program-time\">12:10-12:20<\/span><p class=\"program-detail\">Paper 27 - Adrian DOLOCA, Vasile Lucian BOICULESE, M\u0103d\u0103lina-Elena DATCU, Mihaela MOSCALU, and Oana \u021a\u0102NCULESCU \u2013 AI Tools and Methodologies in Medical Research \u2013 A Review<span class=\"program-pipe\" aria-hidden=\"true\"> |<\/span><span class=\"program-chair\"> C\u0103lin MUNTEAN <\/span><\/p><\/li>\n\t\t\t\t\t\t<li class=\"program-item\"><span class=\"program-time\">12:20-12:30<\/span><p class=\"program-detail\">Paper 19 - Alexandra - Georgiana COAD\u0102 \u2013 Human Eyes and Artificial Minds: Breast Cancer Detection in Mammography \u2014 A Systematic Review<span class=\"program-pipe\" aria-hidden=\"true\"> |<\/span><span class=\"program-chair\"> Sorana D. BOLBOAC\u0102 <\/span><\/p><\/li>\n\t\t\t\t\t\t<li class=\"program-item program-item--break\"><span class=\"program-time\">12:30-13:00<\/span><p class=\"program-detail\">Coffee break<\/p><\/li>\n\t\t\t\t\t\t<li class=\"program-item\"><span class=\"program-time\">13:00-13:30<\/span><p class=\"program-detail\">Conclusions session, awards ceremony and closing<\/p><\/li>\n\t\t\t\t\t<\/ul>\n\t\t\t\t<\/section>\n\t\t\t<\/section>\n\t\t<\/div>\n\t<\/main>\n<\/div>\n\t\t\t\t<\/div>\n\t\t\t\t<\/div>\n\t\t\t\t<\/div>\n\t\t\t\t<\/div>\n\t\t","protected":false},"excerpt":{"rendered":"<p>Schedule Skip to program University of Medicine and Pharmacy \u201cCarol Davila\u201d Bucharest, Faculty of Medicine Palace, Council Hall, 8 Eroii Sanitari Boulevard, 050474 Bucharest, Romania &amp; Online via Google Meet Day 1 \u2013 14 May 2026 Day 2 \u2013 15 May 2026 Day 1 \u2013 14 May 2026 Session 1 9:00-9:15 jRoMedINF Opening Ceremony 9:15-9:45 [&hellip;]<\/p>\n","protected":false},"author":1,"featured_media":0,"parent":0,"menu_order":0,"comment_status":"closed","ping_status":"closed","template":"elementor_header_footer","meta":{"inline_featured_image":false,"footnotes":""},"class_list":["post-31","page","type-page","status-publish","hentry"],"_links":{"self":[{"href":"https:\/\/romedinf.srimed.ro\/2026\/wp-json\/wp\/v2\/pages\/31","targetHints":{"allow":["GET"]}}],"collection":[{"href":"https:\/\/romedinf.srimed.ro\/2026\/wp-json\/wp\/v2\/pages"}],"about":[{"href":"https:\/\/romedinf.srimed.ro\/2026\/wp-json\/wp\/v2\/types\/page"}],"author":[{"embeddable":true,"href":"https:\/\/romedinf.srimed.ro\/2026\/wp-json\/wp\/v2\/users\/1"}],"replies":[{"embeddable":true,"href":"https:\/\/romedinf.srimed.ro\/2026\/wp-json\/wp\/v2\/comments?post=31"}],"version-history":[{"count":54,"href":"https:\/\/romedinf.srimed.ro\/2026\/wp-json\/wp\/v2\/pages\/31\/revisions"}],"predecessor-version":[{"id":3191,"href":"https:\/\/romedinf.srimed.ro\/2026\/wp-json\/wp\/v2\/pages\/31\/revisions\/3191"}],"wp:attachment":[{"href":"https:\/\/romedinf.srimed.ro\/2026\/wp-json\/wp\/v2\/media?parent=31"}],"curies":[{"name":"wp","href":"https:\/\/api.w.org\/{rel}","templated":true}]}}